{"id":588,"date":"2021-08-17T07:57:17","date_gmt":"2021-08-17T11:57:17","guid":{"rendered":"https:\/\/fondationecho.ca\/mental-health\/"},"modified":"2024-12-20T15:36:14","modified_gmt":"2024-12-20T20:36:14","slug":"mental-health","status":"publish","type":"page","link":"https:\/\/fondationecho.ca\/en\/mental-health\/","title":{"rendered":"Mental health"},"content":{"rendered":"\t\t<div data-elementor-type=\"wp-page\" data-elementor-id=\"588\" class=\"elementor elementor-588 elementor-163\" data-elementor-post-type=\"page\">\n\t\t\t\t\t\t<section class=\"elementor-section elementor-top-section elementor-element elementor-element-c83a597 elementor-section-boxed elementor-section-height-default elementor-section-height-default\" data-id=\"c83a597\" data-element_type=\"section\" data-e-type=\"section\" data-settings=\"{&quot;background_background&quot;:&quot;classic&quot;}\">\n\t\t\t\t\t\t<div class=\"elementor-container elementor-column-gap-default\">\n\t\t\t\t\t<div class=\"elementor-column elementor-col-100 elementor-top-column elementor-element elementor-element-1379cea\" data-id=\"1379cea\" data-element_type=\"column\" data-e-type=\"column\">\n\t\t\t<div class=\"elementor-widget-wrap elementor-element-populated\">\n\t\t\t\t\t\t<div class=\"elementor-element elementor-element-3b7947c elementor-widget elementor-widget-text-editor\" data-id=\"3b7947c\" data-element_type=\"widget\" data-e-type=\"widget\" data-widget_type=\"text-editor.default\">\n\t\t\t\t<div class=\"elementor-widget-container\">\n\t\t\t\t\t\t\t\t\t<h2>Mental health<\/h2><p>In 2024, Echo Foundation awarded grants totalling <strong>$3,077,548<\/strong> to organizations providing frontline services to persons impacted by mental health issues, including:<br \/><br \/><strong>Montreal<br \/><\/strong>L\u2019Abri en Ville \u25cf Action-R\u00e9insertion \u25cf Action-Sant\u00e9 de Pointe St\u2011Charles \u25cf Agence Ometz \u25cf L\u2019Alternative \u25cf Auberge Madeleine \u25cf Benedict Labre House \u25cf Centre Bienvenue \u25cf Centre de soir Denise-Mass\u00e9 \u25cf Centre Interligne \u25cf Centre St-Pierre \u25cf Chambreclerc \u25cf Chez Doris \u25cf La Cl\u00e9 des champs \u25cf Clinique Droits Devant \u25cf Community Perspective in Mental Health \u25cf Dans la Rue \u25cf Doctors of the World \u25cf Dunham House \u25cf Entraide Saint-Michel \u25cf L\u2019\u00c9quipe Entreprise \u25cf Expression Lasalle \u25cf Fondation Marie Vincent \u25cf Forward House \u25cf Friends for Mental Health (West Island) \u25cf Friendship Volunteer Association \u25cf Groupe d\u2019entraide Lachine \u25cf Habitations Oasis de Pointe St-Charles \u25cf Hadley Community \u25cf Head &amp; Hands \u25cf Impact \u25cf The Legal Collective \u25cf Old Brewery Mission \u25cf La Parentrie \u25cf Parents et amis du bien-\u00eatre mental du sud-ouest de Montr\u00e9al \u25cf Le P.A.S. de la rue \u25cf Perspective Autonomie en Sant\u00e9 Mentale \u25cf Plein Milieu \u25cf Projets Autochtones du Qu\u00e9bec \u25cf Psyman Psychological Services \u25cf Le Rebond \u25cf Relief \u25cf R\u00e9pit \u00ab\u00a0Une Heure Pour Moi\u00a0\u00bb \u25cf SARPEP Project \u25cf Soci\u00e9t\u00e9 qu\u00e9b\u00e9coise de la schizophr\u00e9nie \u25cf St. James Drop-In Centre \u25cf St. Michael\u2019s Mission \u25cf Sun Youth Organization \u25cf West Island Citizen Advocacy<br \/><br \/><strong>Toronto<br \/><\/strong>Ability Online \u25cf Birth Mark \u25cf Breakaway Community Services \u25cf Building Roots \u25cf Canadian Alliance to End Homelessness \u25cf Casey House Foundation \u25cf Centre for Mindfulness Studies \u25cf Child Development Institute Foundation \u25cf CREW \u25cf Empowerment Squared \u25cf FoodShare Toronto \u25cf Fred Victor Centre \u25cf Haven on the Queensway \u25cf Hong Fook Mental Health Centre \u25cf Institute for Advancements in Mental Health \u25cf Loft Community Services \u25cf Lookup Theatre \u25cf MABELLEarts \u25cf Mood Disorders Association of Ontario \u25cf Neighbourhood Group Community Services \u25cf Pine River Foundation \u25cf Portage Ontario \u25cf Renascent \u25cf Restorative Justice Housing Ontario \u25cf Rise Asset Development \u25cf Sheena\u2019s Place \u25cf Sherbourne Health Centre \u25cf Stella\u2019s Place \u25cf The Stop Community Food Centre \u25cf Street Health \u25cf Ve\u2019ahavta, A Jewish Humanitarian Response to Poverty \u25cf WoodGreen Foundation \u25cf Youth Employment Services YES \u25cf Youth Without Shelter \u25cf YWCA Toronto<\/p>\t\t\t\t\t\t\t\t<\/div>\n\t\t\t\t<\/div>\n\t\t\t\t\t<\/div>\n\t\t<\/div>\n\t\t\t\t\t<\/div>\n\t\t<\/section>\n\t\t\t\t<\/div>\n\t\t","protected":false},"excerpt":{"rendered":"<p>Mental health In 2024, Echo Foundation awarded grants totalling $3,077,548 to organizations providing frontline services to persons impacted by mental health issues, including: MontrealL\u2019Abri en Ville \u25cf Action-R\u00e9insertion \u25cf Action-Sant\u00e9 de Pointe St\u2011Charles \u25cf Agence Ometz \u25cf L\u2019Alternative \u25cf Auberge Madeleine \u25cf Benedict Labre House \u25cf Centre Bienvenue \u25cf Centre de soir Denise-Mass\u00e9 \u25cf Centre [&hellip;]<\/p>\n","protected":false},"author":7,"featured_media":0,"parent":0,"menu_order":0,"comment_status":"closed","ping_status":"closed","template":"","meta":{"footnotes":""},"class_list":["post-588","page","type-page","status-publish","hentry"],"_links":{"self":[{"href":"https:\/\/fondationecho.ca\/en\/wp-json\/wp\/v2\/pages\/588","targetHints":{"allow":["GET"]}}],"collection":[{"href":"https:\/\/fondationecho.ca\/en\/wp-json\/wp\/v2\/pages"}],"about":[{"href":"https:\/\/fondationecho.ca\/en\/wp-json\/wp\/v2\/types\/page"}],"author":[{"embeddable":true,"href":"https:\/\/fondationecho.ca\/en\/wp-json\/wp\/v2\/users\/7"}],"replies":[{"embeddable":true,"href":"https:\/\/fondationecho.ca\/en\/wp-json\/wp\/v2\/comments?post=588"}],"version-history":[{"count":0,"href":"https:\/\/fondationecho.ca\/en\/wp-json\/wp\/v2\/pages\/588\/revisions"}],"wp:attachment":[{"href":"https:\/\/fondationecho.ca\/en\/wp-json\/wp\/v2\/media?parent=588"}],"curies":[{"name":"wp","href":"https:\/\/api.w.org\/{rel}","templated":true}]}}