{"id":578,"date":"2021-08-17T07:46:43","date_gmt":"2021-08-17T11:46:43","guid":{"rendered":"https:\/\/fondationecho.ca\/environment\/"},"modified":"2024-12-20T15:37:56","modified_gmt":"2024-12-20T20:37:56","slug":"environment","status":"publish","type":"page","link":"https:\/\/fondationecho.ca\/en\/environment\/","title":{"rendered":"Environment"},"content":{"rendered":"\t\t<div data-elementor-type=\"wp-page\" data-elementor-id=\"578\" class=\"elementor elementor-578 elementor-135\" data-elementor-post-type=\"page\">\n\t\t\t\t\t\t<section class=\"elementor-section elementor-top-section elementor-element elementor-element-4640b4f elementor-section-boxed elementor-section-height-default elementor-section-height-default\" data-id=\"4640b4f\" data-element_type=\"section\" data-e-type=\"section\" data-settings=\"{&quot;background_background&quot;:&quot;classic&quot;}\">\n\t\t\t\t\t\t<div class=\"elementor-container elementor-column-gap-default\">\n\t\t\t\t\t<div class=\"elementor-column elementor-col-100 elementor-top-column elementor-element elementor-element-5f927b0\" data-id=\"5f927b0\" data-element_type=\"column\" data-e-type=\"column\">\n\t\t\t<div class=\"elementor-widget-wrap elementor-element-populated\">\n\t\t\t\t\t\t<div class=\"elementor-element elementor-element-13257a1 elementor-widget elementor-widget-text-editor\" data-id=\"13257a1\" data-element_type=\"widget\" data-e-type=\"widget\" data-widget_type=\"text-editor.default\">\n\t\t\t\t<div class=\"elementor-widget-container\">\n\t\t\t\t\t\t\t\t\t<h3>Environment<\/h3><p>In 2024, Echo Foundation awarded grants totalling <strong>$9,121,905<\/strong> to support a variety of concrete endeavours which reflect the Foundation\u2019s environmental priorities and concerns, including:<br \/><br \/><strong>Action Saint-Fran\u00e7ois<br \/><\/strong><em>Sherbrooke, Quebec<br \/>($25,000, over three years) $10,000<br \/><\/em>For its waterway cleaning activities.<br \/><br \/><strong>Alliance of Canadian Land Trusts<br \/><\/strong><em>Victoria, British Columbia<br \/>($150,000, over three years) $50,000<br \/><\/em>For its operating expenses.<br \/><br \/><strong>Algonquin to Adirondacks Collaborative (A2A)<br \/><\/strong><em>Lansdowne, Ontario<br \/>($60,000, over two years) $30,000<br \/><\/em>For its cope operating expenses.<br \/><br \/><strong>Les Amis de la Montagne<br \/><\/strong><em>Montreal, Quebec<br \/>($200,000, over two years) $100,000<br \/><\/em>To increase public awareness of Mount-Royal and the need for its long\u2011term protection.<br \/><br \/><strong>Appalachian Corridor<br \/><\/strong><em>Eastman, Quebec<br \/>($225,000, over three years) $75,000<br \/><\/em>For the protection of the natural corridor spanning the Vermont\/Quebec border and extending from the Green Mountains, through the Sutton Mountains, to Mount Orford and beyond.<br \/><br \/><strong>Appalachian Corridor<br \/><\/strong><em>Eastman, Quebec<br \/><\/em>$250,000<br \/>For the protection of the Bri\u00e8re Property, 1,420\u00a0acres along the border north of South Richford.<br \/><br \/><strong>Birds Canada \/ Wildlife Conservation Society \/ NatureServe Canada<br \/><\/strong><em>Port Rowan, Ontario<\/em><br \/><em>($350,000, over three years) $100,000<br \/><\/em>For their project \u201cIdentifying and Stewarding Key Biodiversity Areas in Canada\u201d.<br \/><br \/><strong>Canadian Organic Growers \/ Regeneration Canada<br \/><\/strong><em>Ottawa, Ontario<br \/>$50,000<br \/><\/em>For its project titled \u201cRegenerative Agriculture Roadmap 2030\u201d.<br \/><br \/><strong>The Canary Research Institute for Mining, Environment and Health<br \/><\/strong><em>Ottawa, Ontario<br \/>($200,000, over two years) $100,000<br \/><\/em>For the promotion of improved mining regulations and policies, studies on the environmental and socio-economic impacts of mining operations, as well as for administrative expenses.<br \/><br \/><strong>Capitale Nature<br \/><\/strong><em>Quebec City, Quebec<br \/>($45,000, over two years) $20,000<br \/><\/em>For its project \u201cCanvassing of acquisitions and its property management plan\u201d.<br \/><br \/><strong>Centre for Environmental Leadership in Canada<br \/><\/strong><em>Toronto, Ontario<br \/>($375,000, over three years) $125,000<br \/><\/em>For the GreenPAC Parliamentary Internship Program.<br \/><br \/><strong>Centre for Land Conservation \/ Kawartha Land Trust<br \/><\/strong><em>Ottawa, Ontario<br \/>($525,000, over three years) $200,000<br \/><\/em>For the joint project titled \u201cResilience through Collaboration: Conservation partnership, mentoring.and capacity building in the Peterborough and Kawartha Lakes region\u201d<br \/><br \/><strong>Citizens Environment Alliance of Southwestern Ontario<\/strong><br \/><em>Windsor, Ontario<\/em><br \/><em>($450,000, over two years) $225,000<\/em><br \/>For The Urban Climate Alliance.<br \/><br \/><strong>The Climate Reality Project Canada<br \/><\/strong><em>Montreal, Quebec<br \/>$75,000<br \/><\/em>For its work in Ontario.<br \/><br \/><strong>Community Energy Association<br \/><\/strong><em>Vancouver, British Columbia<br \/>($182,000, over two years) $91,000<br \/><\/em>For the \u201cNational Municipal Climate Action Accelerator (NMCAA)\u201d project.<br \/><br \/><strong>Community Forests International<br \/><\/strong><em>Sackville, New Brunswick<br \/>($300,000, over three years) $100,000<br \/><\/em>For its Forgotten Forests project.<br \/><br \/><strong>Conservation Council fo New Brunswick<br \/><\/strong><em>Fredericton, New Brunswick<br \/>$50,000<br \/><\/em>For its work in supporting wetland protection and forest conservation.<br \/><br \/><strong>DataStream Initiative<br \/><\/strong><em>Toronto, Ontario<br \/>($180,000, over three years) $60,000<br \/><\/em>For its operating expenses.<br \/><br \/><strong>Earth Rangers<br \/><\/strong><em>Woodbridge, Ontario<br \/>($65,000, over two years) $35,000<br \/><\/em>For its \u2018ER Teens\u2019 program.<br \/><br \/><strong>Earthroots<br \/><\/strong><em>Toronto, Ontario<br \/>($195,000, over three years) $75,000<br \/><\/em>For its capacity building.<br \/><br \/><strong>East Coast Environmental Law Association<br \/><\/strong><em>Halifax, Nova Scotia<br \/>($225,000, over three years) $75,000<br \/><\/em>For its capacity building.<br \/><br \/><strong>\u00c9co-Corridors Laurentiens<br \/><\/strong><em>St. Jerome, Quebec<br \/>($150,000, over three years) $50,000<br \/><\/em>For the consolidation of the ecological network in the Laurentians.<br \/><br \/><strong>Ecojustice Canada<br \/><\/strong><em>Toronto, Ontario<br \/>($600,000, over three years) $200,000<br \/><\/em>For its project \u201cAligning Canada\u2019s Financial System with Climate and Environmental Goals\u201d.<br \/><br \/><strong>Ecology Action Centre<br \/><\/strong><em>Halifax, Nova Scotia<br \/>($150,000, over two years) $75,000<br \/><\/em>For its operating expenses.<br \/><br \/><strong>Ecology Action Centre<br \/><\/strong><em>Halifax, Nova Scotia<br \/>($140,000, over two years) $70,000<br \/><\/em>For its project \u201cCommitting to e-school buses across Atlantic Canada\u201d.<br \/><br \/><strong>Elora Centre for Environmental Excellence<br \/><\/strong><em>Elora, Ontario<br \/>$35,000<br \/><\/em>For \u201cThe Tree Trust\u201d.<br \/><br \/><strong>Environmental Defence Canada<br \/><\/strong><em>Toronto, Ontario<br \/>($600,000, over three years) $200,000<br \/><\/em>For its work on plastics and its capacity building.<br \/><br \/><strong>Environmental Defence Canada<br \/><\/strong><em>Toronto, Ontario<br \/><\/em>$50,000<br \/>To support the Strathmere Group to nurture collaborative work among ENGOs.<br \/><br \/><strong>Environment Funders Canada<br \/><\/strong><em>Toronto, Ontario<br \/>$1,000,000<br \/><\/em>To support the work of the Low Carbon Funders\u2019 Group as reflected in the Pan-Canadian Framework.<br \/><br \/><strong>\u00c9quiterre<br \/><\/strong><em>Montreal, Quebec<br \/>($300,000, over two years) $150,000<br \/><\/em>For its project \u201cBuilding resilient agriculture to tackle the climate and biodiversity crises\u201d.<br \/><br \/><strong>Fatal Light Awareness Program Canada<br \/><\/strong><em>Toronto, Ontario<br \/>$15,000<br \/><\/em>For its operating expenses.<br \/><br \/><strong>Finance Engage Sustain \/ Re_Generation<br \/><\/strong><em>Toronto, Ontario<br \/><\/em><em>$35,000<br \/><\/em>For the project \u201cEmpowering the Next Generation of Employee Advocates to Accelerate the Clean Economy\u201d.<br \/><br \/><strong>Fondation de l\u2019Universit\u00e9 du Qu\u00e9bec en Abitibi-T\u00e9miscamingue<br \/><\/strong><em>Rouyn-Noranda, Quebec<br \/>($50,000, over two years) $25,000<br \/><\/em>For the enhancement of the historical collection of Camp Chicobi.<br \/><br \/><strong>Fondation en environnement et d\u00e9veloppement durable<br \/><\/strong><em>Montreal, Quebec<br \/>$45,000<br \/><\/em>For the mobilization of civil society in view of the COP16 on biodiversity.<br \/><br \/><strong>Fondation S\u00c9THY<br \/><\/strong><em>Granby, Quebec<br \/>($85,000, over three years) $15,000<br \/><\/em>For its conservation and restoration projects.<br \/><br \/><strong>Foundation of Greater Montreal<br \/><\/strong><em>Montreal, Quebec<br \/><\/em><em>($95,000, over two years) $30,000<br \/><\/em>For the \u201cFund for Climate and Ecological Transition\u201d.<br \/><br \/><strong>Friends of the Muskoka Watershed<br \/><\/strong><em>Bracebridge, Ontario<br \/><\/em><em>($30,000, over three years) $10,000<br \/><\/em>For \u201cASHMuskoka\u201d.<br \/><br \/><strong>Friends of the Rouge Watershed<br \/><\/strong><em>Scarborough, Ontario<br \/><\/em><em>($30,000, over three years) $10,000<br \/><\/em>For its project \u201cEducating and Activating School and Community Volunteers to Restore Forests and Wetlands, and Combat Pollution, Climate Change, Flooding and Biodiversity-Loss\u201d.<br \/><br \/><strong>Georgian Bay Mnidoo Gamii Biosphere<br \/><\/strong><em>Parry Sound, Ontario<br \/><\/em><em>($150,000, over two years) $75,000<br \/><\/em>For the \u201cState of the Bay: Mobilizing Knowledges\u201d project.<br \/><br \/><strong>Greenbelt Foundation<br \/><\/strong><em>Toronto, Ontario<br \/><\/em><em>($300,000, over three years) $100,000<br \/><\/em>For its project titled \u201cValuing Nature in Municipal Asset Management\u201d.<br \/><br \/><strong>Green Communities Foundation<br \/><\/strong><em>Peterborough, Ontario<br \/>$105,000<br \/><\/em>For the \u201cLiving Cities Canada Demonstration Fund\u201d.<br \/><br \/><strong>Greener Village<br \/><\/strong><em>Fredericton, New-Brunswick<br \/>($120,000, over three years) $60,000<br \/><\/em>To build Atlantic Canada\u2019s first Perishable Food Rescue Centre.<br \/><br \/><strong>Greenpeace Canada Education Fund<br \/><\/strong><em>Toronto, Ontario<br \/>$30,000<br \/><\/em>For a research on Paper Excellence\u2019s impact on nature loss in Canada.<br \/><br \/><strong>Green Thumbs Growing Kids<br \/><\/strong><em>Toronto, Ontario<br \/>($50,000, over two years) $25,000<br \/><\/em>For its Kids Growing Program.<br \/><br \/><strong>Le Groupe Ambioterra<br \/><\/strong><em>St. Chrysostome, Quebec<br \/>($60,000, over three years) $15,000<br \/><\/em>For the protection of natural habitats in southwestern Quebec.<br \/><br \/><strong>Ignatius Jesuit Centre<br \/><\/strong><em>Guelph, Ontario<br \/>($70,000, over two years) $35,000<br \/><\/em>For the project titled \u201cNew Farmer Education in Regenerative Organic Agriculture\u201d.<br \/><br \/><strong>Ivey Foundation \/ Clean Prosperity<br \/><\/strong><em>Toronto, Ontario<br \/>($300,000, over three years) $100,000<br \/><\/em>To research, develop and socialize economic policies aligned with a net-zero by 2050 goal.<br \/><br \/><strong>Ivey Foundation \/ Clean Prosperity<br \/><\/strong><em>Toronto, Ontario<br \/>($100,000, over two years) $50,000<br \/><\/em>For the \u201cHub project\u201d.<br \/><br \/><strong>Junction Creek Stewardship Committee<br \/><\/strong><em>Sudbury, Ontario<br \/>($30,000, over three years) $10,000<br \/><\/em>For its project \u201cCommunity-led action to address stormwater pollutants\u201d.<br \/><br \/><strong>Legacy Fund for the Environment<br \/><\/strong><em>Montreal, Quebec<br \/>($150,000, over four years) $40,000<br \/><\/em>For the hiring of a new Executive Director and an Administrative Assistant.<br \/><br \/><strong>MakeWay Charitable Society<br \/><\/strong><em>Toronto, Ontario<br \/>($250,000, over three years) $100,000<br \/><\/em>For Our Living Waters, and their work to ensure clean and healthy waters for all Canadians.<br \/><br \/><strong>MakeWay Charitable Society<br \/><\/strong><em>Toronto, Ontario<br \/><\/em><em>($180,000, over three years) $60,000<br \/><\/em>For the <em>EcoAnalytics<\/em> initiative.<br \/><br \/><strong>Mississippi Madawaska Land Trust<br \/><\/strong><em>Carleton Place, Ontario<br \/>$55,000<br \/><\/em>For the protection of the 256-acre Marl Lake Nature Reserve.<br \/><br \/><strong>The Narwhal News Society<br \/><\/strong><em>Victoria, British Columbia<br \/>($160,000, over two years) $85,000<br \/><\/em>For its Ontario bureau operating expenses.<br \/><br \/><strong>The Natural Step (Canada) Inc.<br \/><\/strong><em>Ottawa, Ontario<br \/>($300,000, over three years) $100,000<br \/><\/em>For its project \u201cInvest in Nature Expert Resources Hub\u201d.<br \/><br \/><strong>Nature Canada<br \/><\/strong><em>Ottawa, Ontario<br \/>($360,000, over four years) $120,000<br \/><\/em>For its project titled \u201cScaling Up Nature-based Climate Solutions in Canada\u201d.<br \/><br \/><strong>Nature Conservancy of Canada<br \/><\/strong><em>Montreal, Quebec<br \/>($100,000, over three years) $30,000<br \/><\/em>For its efforts to protect the public and private lands of the natural corridor between Kenauk and Mont Tremblant National Park.<br \/><br \/><strong>Nature Conservancy of Canada<br \/><\/strong><em>Toronto, Ontario<br \/>$40,000<br \/><\/em>For the acquisition and protection of the 99.69-acre Ganaraska Headwaters.<br \/><br \/><strong>Nature Canada<br \/><\/strong><em>Ottawa, Ontario<br \/>($50,000, over two years) $25,000<br \/><\/em>For the Green Budget Coalition, which regroups over 20 leading environmental organizations, which analyzes the environmental impacts of the Federal government\u2019s draft budgets and makes recommendations thereon.<br \/><br \/><strong>Nature Nova Scotia<br \/><\/strong><em>Kentville, Nova Scotia<br \/>$26,780<br \/><\/em>For capacity building.<br \/><br \/><strong>Nature United<br \/><\/strong><em>Toronto, Ontario<br \/>($1,000,000, over five years) $200,000<br \/><\/em>For the Great Bear Sea Project Finance for Permanence.<br \/><br \/><strong>The New Farm Centre for Climate Action<br \/><\/strong><em>Creemore, Ontario<br \/>$50,000<br \/><\/em>For the demonstration and development of a regenerative farming system.<br \/><br \/><strong>Oak Ridges Moraine Land Trust<\/strong><br \/><em>Schomberg, Ontario<br \/>$150,000<br \/><\/em>For the acquisition and protection of the 98.1-acre Northumberland property.<br \/><br \/><strong>Oak Ridges Moraine Land Trust<\/strong><br \/><em>Schomberg, Ontario<br \/>($300,000, over three years) $100,000<br \/><\/em>For capacity building.<br \/><br \/><strong>Oceana Canada<\/strong> <br \/><em>Toronto, Ontario<br \/>($225,000, over three years) $75,000<br \/><\/em>For its work on reducing plastics.<br \/><br \/><strong>Ontario Clean Air Alliance Research Inc.<\/strong> <br \/><em>Toronto, Ontario<br \/>($100,000, over two years) $50,000<br \/><\/em>For its work to promote the phasing out Ontario\u2019s gas plants and gas for home heating and meeting Ontario\u2019s future needs with renewable energy.<br \/><br \/><strong>Ontario Farmland Trust<br \/><\/strong><em>Guelph, Ontario<br \/><\/em><em>$40,000<br \/><\/em>For the PEC Cluster Initiative.<br \/><br \/><strong>Ontario Streams<br \/><\/strong><em>Aurora, Ontario<br \/>($300,000, over three years) $100,000<br \/><\/em>For its project titled \u201cConserving and Rehabilitating Southern Ontario Watersheds 2023-2026\u201d.<br \/><br \/><strong>Ontario Turtle Conservation Centre<br \/><\/strong><em>Selwyn, Ontario<br \/>($45,000, over three years) $15,000<br \/><\/em>For its educational programming.<br \/><br \/><strong>Ottawa Riverkeeper<br \/><\/strong><em>Ottawa, Ontario<br \/>($150,000, over three years) $50,000<br \/><\/em>For its Watershed Health Assessment and Monitoring initiative.<br \/><br \/><strong>Park People<br \/><\/strong><em>Toronto, Ontario<br \/>$30,000<br \/><\/em>For its administrative expenses and for community groups with a mental health program.<br \/><br \/><strong>The Pembina Institute for Appropriate Development \/ Pollution Probe \/ Ecology Ottawa<br \/><\/strong><em>Calgary, Alberta<br \/>($60,000, over two years) $30,000<br \/><\/em>For the Ontario Electric School Bus coordination working group.<br \/><br \/><strong>Quebec Environmental Law Centre<br \/><\/strong><em>Montreal, Quebec<br \/>$60,000<br \/><\/em>For its operating expenses.<br \/><br \/><strong>Quebec-Labrador Foundation<br \/><\/strong><em>Montreal, Quebec<br \/>($325,000, over three years) $125,000<br \/><\/em>For its work on connectivity in the Northern Appalachian-Acadian\/Wabanaki ecoregion and for a Northeastern North America Landscape Connectivity Summit and Action Plan.<br \/><br \/><strong>Rivers Foundation<br \/><\/strong><em>Montreal, Quebec<br \/>($50,000, over two years) $25,000<br \/><\/em>For its project \u201cNO to unjustified dams\u201d.<br \/><br \/><strong>Sackville Rivers Association<br \/><\/strong><em>Lower Sackville, Nova Scotia<br \/>$15,000<br \/><\/em>For its River Restoration Project.<br \/><br \/><strong>Salal Foundation \/ Canopy<br \/><\/strong><em>Vancouver, British Columbia<br \/>($225,000, over three years) $75,000<br \/><\/em>For its collaboration with Canopy for conservation work under the Salal Foundation&#8217;s program priority Greening Canadian Industries.<br \/><br \/><strong>Salal Foundation<br \/><\/strong><em>Vancouver, British Columbia<br \/>\u00a0($80,000, over two years) $40,000<br \/><\/em>For the \u201cFor Our Kids\u201d initiative.<br \/><br \/><strong>Salal Foundation<br \/><\/strong><em>Vancouver, British Columbia<br \/>\u00a0$75,000<br \/><\/em>For the \u201cFossil Fuel Non-Proliferation Treaty Initiative\u201d.<br \/><br \/><strong>Second Harvest Canada<br \/><\/strong><em>Etobicoke, Ontario<br \/>$25,000<br \/><\/em>For its projects \u201cDirect Food Rescue and Delivery\u201d and \u201cOnline Food Rescue Application\u2019\u201d.<br \/><br \/><strong>Small Change Fund<br \/><\/strong><em>Toronto, Ontario<br \/>($150,000, over three years) $50,000<br \/><\/em>For its operating expenses.<br \/><br \/><strong>Small Change Fund<br \/><\/strong><em>Toronto, Ontario<br \/>$20,000<br \/><\/em>For its project \u201cShaping a Fair and Transparent Greenbelt Act Review\u201d.<br \/><br \/><strong>Small Change Fund<br \/><\/strong><em>Toronto, Ontario<br \/>$5,000<br \/><\/em>For the Commerce and Engineering Environmental Conference at Queen\u2019s University.<br \/><br \/><strong>Small Change Fund<br \/><\/strong><em>Toronto, Ontario<br \/>($600,000, over two years) $200,000<br \/><\/em>For the \u201cPublic Voice Fund\u2019.<br \/><br \/><strong>Small Change Fund<br \/><\/strong><em>Toronto, Ontario<br \/>($150,000, over two years) $75,000<br \/><\/em>For the project \u201cChanging the Conversation in Newfoundland &amp; Labrador\u201d.<br \/><br \/><strong>Small Change Fund<br \/><\/strong><em>Toronto, Ontario<br \/>($100,000, over two years) $50,000<br \/><\/em>For the Climate Justice Organizing Hub.<br \/><br \/><strong>Small Change Fund<br \/><\/strong><em>Toronto, Ontario<br \/>($600,000, over three years) $200,000<br \/><\/em>For its efforts to protect the Toronto Greenbelt.<br \/><br \/><strong>Sustainability Network<br \/><\/strong>Toronto, Ontario<br \/>($150,000, over three years) $60,000<br \/>For the implementation of the Vision2030 framework.<br \/><br \/><strong>Tamarack Institute for Community Engagement<br \/><\/strong><em>Waterloo, Ontario<br \/>($120,000, over two years) $60,000<br \/><\/em>For the \u201cOntario Community of Practice\u201d of the Community Climate Transition.<br \/><br \/><strong>Toronto Association of Neighbourhood Services<br \/><\/strong><em>Toronto, Ontario<br \/>($120,000, over two years) $40,000<br \/><\/em>To support the work of the Ontario Nonprofit Network.<br \/><br \/><strong>Township of Uxbridge<br \/><\/strong><em>Uxbridge, Ontario<br \/>$50,000<br \/><\/em>For its efforts to add land to Uxbridge Urban Provincial Park.<br \/><br \/><strong>La Transformerie<br \/><\/strong><em>Montreal, Quebec<br \/>$30,000<br \/><\/em>For its project \u201c<em>Les Rescap\u00e9s<\/em>\u201d.<br \/><br \/><strong>Trent University<br \/><\/strong><em>Peterborough, Ontario<br \/>($72,000, over three years) $24,000<br \/><\/em>For the implementation of the Trent Nature Areas Stewardship Plan.<br \/><br \/><strong>Vivre en Ville<br \/><\/strong><em>Quebec City, Quebec<br \/>($150,000, over two years) $75,000<br \/><\/em>For its project \u201cAccelerating the Energy and Ecological Transition of Greater Montr\u00e9al and Qu\u00e9bec&#8217;s Built Environment \u2013 Component 2.0\u201d.<br \/><br \/><strong>The Walrus Foundation<br \/><\/strong><em>Toronto, Ontario<br \/>$25,000<br \/><\/em>For a series of articles on climate change.<br \/><br \/><strong>Whistler Centre for Sustainability Institute Society<br \/><\/strong><em>Whistler, British Columbia<br \/>($400,000, over four years) $100,000<br \/><\/em>For the \u201cClimate Caucus\u201d.<br \/><br \/><strong>Wildlife Conservation Society Canada<br \/><\/strong><em>Toronto, Ontario<br \/>$100,000<br \/><\/em>For conservation work in Ontario\u2019s northern Boreal area, mapping and GIS support of the northern Appalachian\/Acadian ecoregion and for its operating expenses.<br \/><br \/><strong>Wildlife Conservation Society Canada<br \/><\/strong><em>Toronto, Ontario<br \/>($450,000, over three years) $150,000<br \/><\/em>For its project \u201cAdvancing Conservation in the Far North in Ontario\u201d.<\/p>\t\t\t\t\t\t\t\t<\/div>\n\t\t\t\t<\/div>\n\t\t\t\t\t<\/div>\n\t\t<\/div>\n\t\t\t\t\t<\/div>\n\t\t<\/section>\n\t\t\t\t<\/div>\n\t\t","protected":false},"excerpt":{"rendered":"<p>Environment In 2024, Echo Foundation awarded grants totalling $9,121,905 to support a variety of concrete endeavours which reflect the Foundation\u2019s environmental priorities and concerns, including: Action Saint-Fran\u00e7oisSherbrooke, Quebec($25,000, over three years) $10,000For its waterway cleaning activities. Alliance of Canadian Land TrustsVictoria, British Columbia($150,000, over three years) $50,000For its operating expenses. Algonquin to Adirondacks Collaborative (A2A)Lansdowne, [&hellip;]<\/p>\n","protected":false},"author":7,"featured_media":0,"parent":0,"menu_order":0,"comment_status":"closed","ping_status":"closed","template":"","meta":{"footnotes":""},"class_list":["post-578","page","type-page","status-publish","hentry"],"_links":{"self":[{"href":"https:\/\/fondationecho.ca\/en\/wp-json\/wp\/v2\/pages\/578","targetHints":{"allow":["GET"]}}],"collection":[{"href":"https:\/\/fondationecho.ca\/en\/wp-json\/wp\/v2\/pages"}],"about":[{"href":"https:\/\/fondationecho.ca\/en\/wp-json\/wp\/v2\/types\/page"}],"author":[{"embeddable":true,"href":"https:\/\/fondationecho.ca\/en\/wp-json\/wp\/v2\/users\/7"}],"replies":[{"embeddable":true,"href":"https:\/\/fondationecho.ca\/en\/wp-json\/wp\/v2\/comments?post=578"}],"version-history":[{"count":0,"href":"https:\/\/fondationecho.ca\/en\/wp-json\/wp\/v2\/pages\/578\/revisions"}],"wp:attachment":[{"href":"https:\/\/fondationecho.ca\/en\/wp-json\/wp\/v2\/media?parent=578"}],"curies":[{"name":"wp","href":"https:\/\/api.w.org\/{rel}","templated":true}]}}